{"id":6,"date":"2018-02-05T10:25:29","date_gmt":"2018-02-05T10:25:29","guid":{"rendered":"http:\/\/dev.frakton.com\/expokoswp\/?page_id=6"},"modified":"2025-12-20T10:54:29","modified_gmt":"2025-12-20T10:54:29","slug":"ballina","status":"publish","type":"page","link":"http:\/\/www.ceokos.com\/expokos\/","title":{"rendered":"Ballina"},"content":{"rendered":"<p>Panairi Nd\u00ebrkomb\u00ebtar &#8220;EXPOKOS&#8221;, \u00ebsht\u00eb ngjarja m\u00eb e r\u00ebnd\u00ebsishme n\u00eb Ballkanin Per\u00ebndimor, q\u00eb i dedikohet nd\u00ebrtimit, energjetik\u00ebs, teknologjis\u00eb dhe patundshm\u00ebris\u00eb, i cili mbahet n\u00eb Kosov\u00eb.<\/p>\n","protected":false},"excerpt":{"rendered":"<p>Panairi Nd\u00ebrkomb\u00ebtar &#8220;EXPOKOS&#8221;, \u00ebsht\u00eb ngjarja m\u00eb e r\u00ebnd\u00ebsishme n\u00eb Ballkanin Per\u00ebndimor, q\u00eb i dedikohet nd\u00ebrtimit, energjetik\u00ebs, teknologjis\u00eb dhe patundshm\u00ebris\u00eb, i cili mbahet n\u00eb Kosov\u00eb.<\/p>\n","protected":false},"author":1,"featured_media":0,"parent":0,"menu_order":0,"comment_status":"closed","ping_status":"closed","template":"template-home.php","meta":{"footnotes":""},"class_list":["post-6","page","type-page","status-publish","hentry"],"acf":[],"_links":{"self":[{"href":"http:\/\/www.ceokos.com\/expokos\/wp-json\/wp\/v2\/pages\/6","targetHints":{"allow":["GET"]}}],"collection":[{"href":"http:\/\/www.ceokos.com\/expokos\/wp-json\/wp\/v2\/pages"}],"about":[{"href":"http:\/\/www.ceokos.com\/expokos\/wp-json\/wp\/v2\/types\/page"}],"author":[{"embeddable":true,"href":"http:\/\/www.ceokos.com\/expokos\/wp-json\/wp\/v2\/users\/1"}],"replies":[{"embeddable":true,"href":"http:\/\/www.ceokos.com\/expokos\/wp-json\/wp\/v2\/comments?post=6"}],"version-history":[{"count":138,"href":"http:\/\/www.ceokos.com\/expokos\/wp-json\/wp\/v2\/pages\/6\/revisions"}],"predecessor-version":[{"id":2740,"href":"http:\/\/www.ceokos.com\/expokos\/wp-json\/wp\/v2\/pages\/6\/revisions\/2740"}],"wp:attachment":[{"href":"http:\/\/www.ceokos.com\/expokos\/wp-json\/wp\/v2\/media?parent=6"}],"curies":[{"name":"wp","href":"https:\/\/api.w.org\/{rel}","templated":true}]}}