{"id":10,"date":"2018-02-05T10:26:17","date_gmt":"2018-02-05T10:26:17","guid":{"rendered":"http:\/\/dev.frakton.com\/tourismsportwp\/?page_id=10"},"modified":"2026-01-14T18:22:52","modified_gmt":"2026-01-14T18:22:52","slug":"per-vizitoret","status":"publish","type":"page","link":"http:\/\/www.ceokos.com\/tourismsportfair\/per-vizitoret\/","title":{"rendered":"P\u00ebr vizitor\u00ebt"},"content":{"rendered":"<p>Pse ta vizitoni panairin e turizmit dhe sportit?<\/p>\n","protected":false},"excerpt":{"rendered":"<p>Pse ta vizitoni panairin e turizmit dhe sportit?<\/p>\n","protected":false},"author":1,"featured_media":0,"parent":0,"menu_order":0,"comment_status":"closed","ping_status":"closed","template":"template-visitor.php","meta":{"_acf_changed":false,"footnotes":""},"class_list":["post-10","page","type-page","status-publish","hentry"],"acf":[],"yoast_head":"<!-- This site is optimized with the Yoast SEO plugin v27.4 - https:\/\/yoast.com\/product\/yoast-seo-wordpress\/ -->\n<title>P\u00ebr vizitor\u00ebt - Tourism &amp; Sport Fair<\/title>\n<meta name=\"robots\" content=\"index, follow, max-snippet:-1, max-image-preview:large, max-video-preview:-1\" \/>\n<link rel=\"canonical\" href=\"https:\/\/www.ceokos.com\/tourismsportfair\/per-vizitoret\/\" \/>\n<meta property=\"og:locale\" content=\"sq_AL\" \/>\n<meta property=\"og:type\" content=\"article\" \/>\n<meta property=\"og:title\" content=\"Panairi i Turizmit dhe Sportit - Regjistrohu Online\" \/>\n<meta property=\"og:description\" content=\"I ve\u00e7ant\u00eb dhe i larmish\u00ebm, Panairi Nd\u00ebrkomb\u00ebtar i Turizmit dhe Sportit vazhdon t\u00eb jet\u00eb ngjarja kryesore e promovimit t\u00eb turizmit vendor dhe rajonal. Duke qen\u00eb jo vet\u00ebm platform\u00eb kryesore e rritjes s\u00eb biznesit, por edhe ngjarje me atmosfer\u00eb festive p\u00ebr vizitor\u00ebt profesionist\u00eb dhe publikun e gjer\u00eb, ky edicion si\u00e7 do vit lidh\u00eb bizneset me klient\u00ebt dhe ofron shum\u00eb zgjedhje p\u00ebr dashamir\u00ebt e turizmit\" \/>\n<meta property=\"og:url\" content=\"https:\/\/www.ceokos.com\/tourismsportfair\/per-vizitoret\/\" \/>\n<meta property=\"og:site_name\" content=\"Tourism &amp; Sport Fair\" \/>\n<meta property=\"article:modified_time\" content=\"2026-01-14T18:22:52+00:00\" \/>\n<meta property=\"og:image\" content=\"https:\/\/www.ceokos.com\/tourismsportfair\/wp-content\/uploads\/2018\/04\/tourism_online.jpg\" \/>\n\t<meta property=\"og:image:width\" content=\"1200\" \/>\n\t<meta property=\"og:image:height\" content=\"629\" \/>\n\t<meta property=\"og:image:type\" content=\"image\/jpeg\" \/>\n<meta name=\"twitter:card\" content=\"summary_large_image\" \/>\n<meta name=\"twitter:label1\" content=\"Est. reading time\" \/>\n\t<meta name=\"twitter:data1\" content=\"1 minut\u00eb\" \/>\n<script type=\"application\/ld+json\" class=\"yoast-schema-graph\">{\"@context\":\"https:\\\/\\\/schema.org\",\"@graph\":[{\"@type\":\"WebPage\",\"@id\":\"https:\\\/\\\/www.ceokos.com\\\/tourismsportfair\\\/per-vizitoret\\\/\",\"url\":\"https:\\\/\\\/www.ceokos.com\\\/tourismsportfair\\\/per-vizitoret\\\/\",\"name\":\"P\u00ebr vizitor\u00ebt - Tourism &amp; Sport Fair\",\"isPartOf\":{\"@id\":\"https:\\\/\\\/www.ceokos.com\\\/tourismsportfair\\\/en\\\/#website\"},\"datePublished\":\"2018-02-05T10:26:17+00:00\",\"dateModified\":\"2026-01-14T18:22:52+00:00\",\"breadcrumb\":{\"@id\":\"https:\\\/\\\/www.ceokos.com\\\/tourismsportfair\\\/per-vizitoret\\\/#breadcrumb\"},\"inLanguage\":\"sq\",\"potentialAction\":[{\"@type\":\"ReadAction\",\"target\":[\"https:\\\/\\\/www.ceokos.com\\\/tourismsportfair\\\/per-vizitoret\\\/\"]}]},{\"@type\":\"BreadcrumbList\",\"@id\":\"https:\\\/\\\/www.ceokos.com\\\/tourismsportfair\\\/per-vizitoret\\\/#breadcrumb\",\"itemListElement\":[{\"@type\":\"ListItem\",\"position\":1,\"name\":\"Home\",\"item\":\"https:\\\/\\\/www.ceokos.com\\\/tourismsportfair\\\/\"},{\"@type\":\"ListItem\",\"position\":2,\"name\":\"P\u00ebr vizitor\u00ebt\"}]},{\"@type\":\"WebSite\",\"@id\":\"https:\\\/\\\/www.ceokos.com\\\/tourismsportfair\\\/en\\\/#website\",\"url\":\"https:\\\/\\\/www.ceokos.com\\\/tourismsportfair\\\/en\\\/\",\"name\":\"Tourism &amp; Sport Fair\",\"description\":\"P\u00ebr t\u00ebr\u00eb rajonin\",\"potentialAction\":[{\"@type\":\"SearchAction\",\"target\":{\"@type\":\"EntryPoint\",\"urlTemplate\":\"https:\\\/\\\/www.ceokos.com\\\/tourismsportfair\\\/en\\\/?s={search_term_string}\"},\"query-input\":{\"@type\":\"PropertyValueSpecification\",\"valueRequired\":true,\"valueName\":\"search_term_string\"}}],\"inLanguage\":\"sq\"}]}<\/script>\n<!-- \/ Yoast SEO plugin. -->","yoast_head_json":{"title":"P\u00ebr vizitor\u00ebt - Tourism &amp; Sport Fair","robots":{"index":"index","follow":"follow","max-snippet":"max-snippet:-1","max-image-preview":"max-image-preview:large","max-video-preview":"max-video-preview:-1"},"canonical":"https:\/\/www.ceokos.com\/tourismsportfair\/per-vizitoret\/","og_locale":"sq_AL","og_type":"article","og_title":"Panairi i Turizmit dhe Sportit - Regjistrohu Online","og_description":"I ve\u00e7ant\u00eb dhe i larmish\u00ebm, Panairi Nd\u00ebrkomb\u00ebtar i Turizmit dhe Sportit vazhdon t\u00eb jet\u00eb ngjarja kryesore e promovimit t\u00eb turizmit vendor dhe rajonal. Duke qen\u00eb jo vet\u00ebm platform\u00eb kryesore e rritjes s\u00eb biznesit, por edhe ngjarje me atmosfer\u00eb festive p\u00ebr vizitor\u00ebt profesionist\u00eb dhe publikun e gjer\u00eb, ky edicion si\u00e7 do vit lidh\u00eb bizneset me klient\u00ebt dhe ofron shum\u00eb zgjedhje p\u00ebr dashamir\u00ebt e turizmit","og_url":"https:\/\/www.ceokos.com\/tourismsportfair\/per-vizitoret\/","og_site_name":"Tourism &amp; Sport Fair","article_modified_time":"2026-01-14T18:22:52+00:00","og_image":[{"width":1200,"height":629,"url":"https:\/\/www.ceokos.com\/tourismsportfair\/wp-content\/uploads\/2018\/04\/tourism_online.jpg","type":"image\/jpeg"}],"twitter_card":"summary_large_image","twitter_misc":{"Est. reading time":"1 minut\u00eb"},"schema":{"@context":"https:\/\/schema.org","@graph":[{"@type":"WebPage","@id":"https:\/\/www.ceokos.com\/tourismsportfair\/per-vizitoret\/","url":"https:\/\/www.ceokos.com\/tourismsportfair\/per-vizitoret\/","name":"P\u00ebr vizitor\u00ebt - Tourism &amp; Sport Fair","isPartOf":{"@id":"https:\/\/www.ceokos.com\/tourismsportfair\/en\/#website"},"datePublished":"2018-02-05T10:26:17+00:00","dateModified":"2026-01-14T18:22:52+00:00","breadcrumb":{"@id":"https:\/\/www.ceokos.com\/tourismsportfair\/per-vizitoret\/#breadcrumb"},"inLanguage":"sq","potentialAction":[{"@type":"ReadAction","target":["https:\/\/www.ceokos.com\/tourismsportfair\/per-vizitoret\/"]}]},{"@type":"BreadcrumbList","@id":"https:\/\/www.ceokos.com\/tourismsportfair\/per-vizitoret\/#breadcrumb","itemListElement":[{"@type":"ListItem","position":1,"name":"Home","item":"https:\/\/www.ceokos.com\/tourismsportfair\/"},{"@type":"ListItem","position":2,"name":"P\u00ebr vizitor\u00ebt"}]},{"@type":"WebSite","@id":"https:\/\/www.ceokos.com\/tourismsportfair\/en\/#website","url":"https:\/\/www.ceokos.com\/tourismsportfair\/en\/","name":"Tourism &amp; Sport Fair","description":"P\u00ebr t\u00ebr\u00eb rajonin","potentialAction":[{"@type":"SearchAction","target":{"@type":"EntryPoint","urlTemplate":"https:\/\/www.ceokos.com\/tourismsportfair\/en\/?s={search_term_string}"},"query-input":{"@type":"PropertyValueSpecification","valueRequired":true,"valueName":"search_term_string"}}],"inLanguage":"sq"}]}},"_links":{"self":[{"href":"http:\/\/www.ceokos.com\/tourismsportfair\/wp-json\/wp\/v2\/pages\/10","targetHints":{"allow":["GET"]}}],"collection":[{"href":"http:\/\/www.ceokos.com\/tourismsportfair\/wp-json\/wp\/v2\/pages"}],"about":[{"href":"http:\/\/www.ceokos.com\/tourismsportfair\/wp-json\/wp\/v2\/types\/page"}],"author":[{"embeddable":true,"href":"http:\/\/www.ceokos.com\/tourismsportfair\/wp-json\/wp\/v2\/users\/1"}],"replies":[{"embeddable":true,"href":"http:\/\/www.ceokos.com\/tourismsportfair\/wp-json\/wp\/v2\/comments?post=10"}],"version-history":[{"count":46,"href":"http:\/\/www.ceokos.com\/tourismsportfair\/wp-json\/wp\/v2\/pages\/10\/revisions"}],"predecessor-version":[{"id":1882,"href":"http:\/\/www.ceokos.com\/tourismsportfair\/wp-json\/wp\/v2\/pages\/10\/revisions\/1882"}],"wp:attachment":[{"href":"http:\/\/www.ceokos.com\/tourismsportfair\/wp-json\/wp\/v2\/media?parent=10"}],"curies":[{"name":"wp","href":"https:\/\/api.w.org\/{rel}","templated":true}]}}