{"id":8,"date":"2018-02-05T10:25:48","date_gmt":"2018-02-05T10:25:48","guid":{"rendered":"http:\/\/dev.frakton.com\/tourismsportwp\/?page_id=8"},"modified":"2026-01-14T18:02:25","modified_gmt":"2026-01-14T18:02:25","slug":"per-ekspozuesin","status":"publish","type":"page","link":"http:\/\/www.ceokos.com\/tourismsportfair\/per-ekspozuesin\/","title":{"rendered":"P\u00ebr ekspozuesin"},"content":{"rendered":"<p data-pm-slice=\"1 1 [&quot;list&quot;,{},&quot;list_item&quot;,{&quot;indent&quot;:1,&quot;type&quot;:&quot;numbered&quot;}]\">Pse t\u00eb ekspozoni n\u00eb panairin e Turizmit dhe Sportit?<\/p>\n","protected":false},"excerpt":{"rendered":"<p>Pse t\u00eb ekspozoni n\u00eb panairin e Turizmit dhe Sportit?<\/p>\n","protected":false},"author":1,"featured_media":0,"parent":0,"menu_order":0,"comment_status":"closed","ping_status":"closed","template":"template-expose.php","meta":{"_acf_changed":false,"footnotes":""},"class_list":["post-8","page","type-page","status-publish","hentry"],"acf":[],"yoast_head":"<!-- This site is optimized with the Yoast SEO plugin v27.4 - https:\/\/yoast.com\/product\/yoast-seo-wordpress\/ -->\n<title>P\u00ebr ekspozuesin - Tourism &amp; Sport Fair<\/title>\n<meta name=\"robots\" content=\"index, follow, max-snippet:-1, max-image-preview:large, max-video-preview:-1\" \/>\n<link rel=\"canonical\" href=\"https:\/\/www.ceokos.com\/tourismsportfair\/per-ekspozuesin\/\" \/>\n<meta property=\"og:locale\" content=\"sq_AL\" \/>\n<meta property=\"og:type\" content=\"article\" \/>\n<meta property=\"og:title\" content=\"P\u00ebr ekspozuesin - Tourism &amp; Sport Fair\" \/>\n<meta property=\"og:description\" content=\"Pse t\u00eb ekspozoni n\u00eb panairin e Turizmit dhe Sportit?\" \/>\n<meta property=\"og:url\" content=\"https:\/\/www.ceokos.com\/tourismsportfair\/per-ekspozuesin\/\" \/>\n<meta property=\"og:site_name\" content=\"Tourism &amp; Sport Fair\" \/>\n<meta property=\"article:modified_time\" content=\"2026-01-14T18:02:25+00:00\" \/>\n<meta name=\"twitter:card\" content=\"summary_large_image\" \/>\n<meta name=\"twitter:label1\" content=\"Est. reading time\" \/>\n\t<meta name=\"twitter:data1\" content=\"1 minut\u00eb\" \/>\n<script type=\"application\/ld+json\" class=\"yoast-schema-graph\">{\"@context\":\"https:\\\/\\\/schema.org\",\"@graph\":[{\"@type\":\"WebPage\",\"@id\":\"https:\\\/\\\/www.ceokos.com\\\/tourismsportfair\\\/per-ekspozuesin\\\/\",\"url\":\"https:\\\/\\\/www.ceokos.com\\\/tourismsportfair\\\/per-ekspozuesin\\\/\",\"name\":\"P\u00ebr ekspozuesin - Tourism &amp; Sport Fair\",\"isPartOf\":{\"@id\":\"https:\\\/\\\/www.ceokos.com\\\/tourismsportfair\\\/en\\\/#website\"},\"datePublished\":\"2018-02-05T10:25:48+00:00\",\"dateModified\":\"2026-01-14T18:02:25+00:00\",\"breadcrumb\":{\"@id\":\"https:\\\/\\\/www.ceokos.com\\\/tourismsportfair\\\/per-ekspozuesin\\\/#breadcrumb\"},\"inLanguage\":\"sq\",\"potentialAction\":[{\"@type\":\"ReadAction\",\"target\":[\"https:\\\/\\\/www.ceokos.com\\\/tourismsportfair\\\/per-ekspozuesin\\\/\"]}]},{\"@type\":\"BreadcrumbList\",\"@id\":\"https:\\\/\\\/www.ceokos.com\\\/tourismsportfair\\\/per-ekspozuesin\\\/#breadcrumb\",\"itemListElement\":[{\"@type\":\"ListItem\",\"position\":1,\"name\":\"Home\",\"item\":\"https:\\\/\\\/www.ceokos.com\\\/tourismsportfair\\\/\"},{\"@type\":\"ListItem\",\"position\":2,\"name\":\"P\u00ebr ekspozuesin\"}]},{\"@type\":\"WebSite\",\"@id\":\"https:\\\/\\\/www.ceokos.com\\\/tourismsportfair\\\/en\\\/#website\",\"url\":\"https:\\\/\\\/www.ceokos.com\\\/tourismsportfair\\\/en\\\/\",\"name\":\"Tourism &amp; Sport Fair\",\"description\":\"P\u00ebr t\u00ebr\u00eb rajonin\",\"potentialAction\":[{\"@type\":\"SearchAction\",\"target\":{\"@type\":\"EntryPoint\",\"urlTemplate\":\"https:\\\/\\\/www.ceokos.com\\\/tourismsportfair\\\/en\\\/?s={search_term_string}\"},\"query-input\":{\"@type\":\"PropertyValueSpecification\",\"valueRequired\":true,\"valueName\":\"search_term_string\"}}],\"inLanguage\":\"sq\"}]}<\/script>\n<!-- \/ Yoast SEO plugin. -->","yoast_head_json":{"title":"P\u00ebr ekspozuesin - Tourism &amp; Sport Fair","robots":{"index":"index","follow":"follow","max-snippet":"max-snippet:-1","max-image-preview":"max-image-preview:large","max-video-preview":"max-video-preview:-1"},"canonical":"https:\/\/www.ceokos.com\/tourismsportfair\/per-ekspozuesin\/","og_locale":"sq_AL","og_type":"article","og_title":"P\u00ebr ekspozuesin - Tourism &amp; Sport Fair","og_description":"Pse t\u00eb ekspozoni n\u00eb panairin e Turizmit dhe Sportit?","og_url":"https:\/\/www.ceokos.com\/tourismsportfair\/per-ekspozuesin\/","og_site_name":"Tourism &amp; Sport Fair","article_modified_time":"2026-01-14T18:02:25+00:00","twitter_card":"summary_large_image","twitter_misc":{"Est. reading time":"1 minut\u00eb"},"schema":{"@context":"https:\/\/schema.org","@graph":[{"@type":"WebPage","@id":"https:\/\/www.ceokos.com\/tourismsportfair\/per-ekspozuesin\/","url":"https:\/\/www.ceokos.com\/tourismsportfair\/per-ekspozuesin\/","name":"P\u00ebr ekspozuesin - Tourism &amp; Sport Fair","isPartOf":{"@id":"https:\/\/www.ceokos.com\/tourismsportfair\/en\/#website"},"datePublished":"2018-02-05T10:25:48+00:00","dateModified":"2026-01-14T18:02:25+00:00","breadcrumb":{"@id":"https:\/\/www.ceokos.com\/tourismsportfair\/per-ekspozuesin\/#breadcrumb"},"inLanguage":"sq","potentialAction":[{"@type":"ReadAction","target":["https:\/\/www.ceokos.com\/tourismsportfair\/per-ekspozuesin\/"]}]},{"@type":"BreadcrumbList","@id":"https:\/\/www.ceokos.com\/tourismsportfair\/per-ekspozuesin\/#breadcrumb","itemListElement":[{"@type":"ListItem","position":1,"name":"Home","item":"https:\/\/www.ceokos.com\/tourismsportfair\/"},{"@type":"ListItem","position":2,"name":"P\u00ebr ekspozuesin"}]},{"@type":"WebSite","@id":"https:\/\/www.ceokos.com\/tourismsportfair\/en\/#website","url":"https:\/\/www.ceokos.com\/tourismsportfair\/en\/","name":"Tourism &amp; Sport Fair","description":"P\u00ebr t\u00ebr\u00eb rajonin","potentialAction":[{"@type":"SearchAction","target":{"@type":"EntryPoint","urlTemplate":"https:\/\/www.ceokos.com\/tourismsportfair\/en\/?s={search_term_string}"},"query-input":{"@type":"PropertyValueSpecification","valueRequired":true,"valueName":"search_term_string"}}],"inLanguage":"sq"}]}},"_links":{"self":[{"href":"http:\/\/www.ceokos.com\/tourismsportfair\/wp-json\/wp\/v2\/pages\/8","targetHints":{"allow":["GET"]}}],"collection":[{"href":"http:\/\/www.ceokos.com\/tourismsportfair\/wp-json\/wp\/v2\/pages"}],"about":[{"href":"http:\/\/www.ceokos.com\/tourismsportfair\/wp-json\/wp\/v2\/types\/page"}],"author":[{"embeddable":true,"href":"http:\/\/www.ceokos.com\/tourismsportfair\/wp-json\/wp\/v2\/users\/1"}],"replies":[{"embeddable":true,"href":"http:\/\/www.ceokos.com\/tourismsportfair\/wp-json\/wp\/v2\/comments?post=8"}],"version-history":[{"count":59,"href":"http:\/\/www.ceokos.com\/tourismsportfair\/wp-json\/wp\/v2\/pages\/8\/revisions"}],"predecessor-version":[{"id":1880,"href":"http:\/\/www.ceokos.com\/tourismsportfair\/wp-json\/wp\/v2\/pages\/8\/revisions\/1880"}],"wp:attachment":[{"href":"http:\/\/www.ceokos.com\/tourismsportfair\/wp-json\/wp\/v2\/media?parent=8"}],"curies":[{"name":"wp","href":"https:\/\/api.w.org\/{rel}","templated":true}]}}