{"id":6,"date":"2018-02-05T10:25:29","date_gmt":"2018-02-05T10:25:29","guid":{"rendered":"http:\/\/dev.frakton.com\/agrokoswp\/?page_id=6"},"modified":"2025-12-19T13:46:26","modified_gmt":"2025-12-19T13:46:26","slug":"ballina","status":"publish","type":"page","link":"https:\/\/www.ceokos.com\/agrokos\/","title":{"rendered":"Ballina"},"content":{"rendered":"<p><strong>PANAIRI ND\u00cbRKOMB\u00cbTAR I AGROBIZNESIT DHE USHQIMIT&nbsp;AGROKOS<\/strong><\/p>\n","protected":false},"excerpt":{"rendered":"<p>PANAIRI ND\u00cbRKOMB\u00cbTAR I AGROBIZNESIT DHE USHQIMIT&nbsp;AGROKOS<\/p>\n","protected":false},"author":1,"featured_media":0,"parent":0,"menu_order":0,"comment_status":"closed","ping_status":"closed","template":"template-home.php","meta":{"_acf_changed":false,"footnotes":""},"class_list":["post-6","page","type-page","status-publish","hentry"],"acf":[],"yoast_head":"<!-- This site is optimized with the Yoast SEO plugin v27.4 - https:\/\/yoast.com\/product\/yoast-seo-wordpress\/ -->\n<title>Ballina - Agrokos<\/title>\n<meta name=\"robots\" content=\"index, follow, max-snippet:-1, max-image-preview:large, max-video-preview:-1\" \/>\n<link rel=\"canonical\" href=\"https:\/\/www.ceokos.com\/agrokos\/\" \/>\n<meta property=\"og:locale\" content=\"sq_AL\" \/>\n<meta property=\"og:type\" content=\"article\" \/>\n<meta property=\"og:title\" content=\"Panairi nd\u00ebrkomb\u00ebtar i Agrobiznesit dhe Ushqimit AGROKOS\" \/>\n<meta property=\"og:description\" content=\"E vetmja platform\u00eb biznesi p\u00ebr rrjet\u00ebzim-matchmaking gjat\u00eb 365 dit\u00ebve brenda vitit n\u00eb Ballkan\" \/>\n<meta property=\"og:url\" content=\"https:\/\/www.ceokos.com\/agrokos\/\" \/>\n<meta property=\"og:site_name\" content=\"Agrokos\" \/>\n<meta property=\"article:modified_time\" content=\"2025-12-19T13:46:26+00:00\" \/>\n<meta property=\"og:image\" content=\"https:\/\/www.ceokos.com\/agrokos\/wp-content\/uploads\/2022\/03\/og_22.png\" \/>\n\t<meta property=\"og:image:width\" content=\"1200\" \/>\n\t<meta property=\"og:image:height\" content=\"629\" \/>\n\t<meta property=\"og:image:type\" content=\"image\/png\" \/>\n<meta name=\"twitter:card\" content=\"summary_large_image\" \/>\n<meta name=\"twitter:label1\" content=\"Est. reading time\" \/>\n\t<meta name=\"twitter:data1\" content=\"1 minut\u00eb\" \/>\n<script type=\"application\/ld+json\" class=\"yoast-schema-graph\">{\"@context\":\"https:\\\/\\\/schema.org\",\"@graph\":[{\"@type\":\"WebPage\",\"@id\":\"https:\\\/\\\/www.ceokos.com\\\/agrokos\\\/\",\"url\":\"https:\\\/\\\/www.ceokos.com\\\/agrokos\\\/\",\"name\":\"Ballina - Agrokos\",\"isPartOf\":{\"@id\":\"https:\\\/\\\/www.ceokos.com\\\/agrokos\\\/en\\\/#website\"},\"datePublished\":\"2018-02-05T10:25:29+00:00\",\"dateModified\":\"2025-12-19T13:46:26+00:00\",\"breadcrumb\":{\"@id\":\"https:\\\/\\\/www.ceokos.com\\\/agrokos\\\/#breadcrumb\"},\"inLanguage\":\"sq\",\"potentialAction\":[{\"@type\":\"ReadAction\",\"target\":[\"https:\\\/\\\/www.ceokos.com\\\/agrokos\\\/\"]}]},{\"@type\":\"BreadcrumbList\",\"@id\":\"https:\\\/\\\/www.ceokos.com\\\/agrokos\\\/#breadcrumb\",\"itemListElement\":[{\"@type\":\"ListItem\",\"position\":1,\"name\":\"Home\",\"item\":\"https:\\\/\\\/www.ceokos.com\\\/agrokos\\\/\"},{\"@type\":\"ListItem\",\"position\":2,\"name\":\"Ballina\"}]},{\"@type\":\"WebSite\",\"@id\":\"https:\\\/\\\/www.ceokos.com\\\/agrokos\\\/en\\\/#website\",\"url\":\"https:\\\/\\\/www.ceokos.com\\\/agrokos\\\/en\\\/\",\"name\":\"Agrokos\",\"description\":\"Krejt po rriten prej Agrokos-it\",\"potentialAction\":[{\"@type\":\"SearchAction\",\"target\":{\"@type\":\"EntryPoint\",\"urlTemplate\":\"https:\\\/\\\/www.ceokos.com\\\/agrokos\\\/en\\\/?s={search_term_string}\"},\"query-input\":{\"@type\":\"PropertyValueSpecification\",\"valueRequired\":true,\"valueName\":\"search_term_string\"}}],\"inLanguage\":\"sq\"}]}<\/script>\n<!-- \/ Yoast SEO plugin. -->","yoast_head_json":{"title":"Ballina - Agrokos","robots":{"index":"index","follow":"follow","max-snippet":"max-snippet:-1","max-image-preview":"max-image-preview:large","max-video-preview":"max-video-preview:-1"},"canonical":"https:\/\/www.ceokos.com\/agrokos\/","og_locale":"sq_AL","og_type":"article","og_title":"Panairi nd\u00ebrkomb\u00ebtar i Agrobiznesit dhe Ushqimit AGROKOS","og_description":"E vetmja platform\u00eb biznesi p\u00ebr rrjet\u00ebzim-matchmaking gjat\u00eb 365 dit\u00ebve brenda vitit n\u00eb Ballkan","og_url":"https:\/\/www.ceokos.com\/agrokos\/","og_site_name":"Agrokos","article_modified_time":"2025-12-19T13:46:26+00:00","og_image":[{"width":1200,"height":629,"url":"https:\/\/www.ceokos.com\/agrokos\/wp-content\/uploads\/2022\/03\/og_22.png","type":"image\/png"}],"twitter_card":"summary_large_image","twitter_misc":{"Est. reading time":"1 minut\u00eb"},"schema":{"@context":"https:\/\/schema.org","@graph":[{"@type":"WebPage","@id":"https:\/\/www.ceokos.com\/agrokos\/","url":"https:\/\/www.ceokos.com\/agrokos\/","name":"Ballina - Agrokos","isPartOf":{"@id":"https:\/\/www.ceokos.com\/agrokos\/en\/#website"},"datePublished":"2018-02-05T10:25:29+00:00","dateModified":"2025-12-19T13:46:26+00:00","breadcrumb":{"@id":"https:\/\/www.ceokos.com\/agrokos\/#breadcrumb"},"inLanguage":"sq","potentialAction":[{"@type":"ReadAction","target":["https:\/\/www.ceokos.com\/agrokos\/"]}]},{"@type":"BreadcrumbList","@id":"https:\/\/www.ceokos.com\/agrokos\/#breadcrumb","itemListElement":[{"@type":"ListItem","position":1,"name":"Home","item":"https:\/\/www.ceokos.com\/agrokos\/"},{"@type":"ListItem","position":2,"name":"Ballina"}]},{"@type":"WebSite","@id":"https:\/\/www.ceokos.com\/agrokos\/en\/#website","url":"https:\/\/www.ceokos.com\/agrokos\/en\/","name":"Agrokos","description":"Krejt po rriten prej Agrokos-it","potentialAction":[{"@type":"SearchAction","target":{"@type":"EntryPoint","urlTemplate":"https:\/\/www.ceokos.com\/agrokos\/en\/?s={search_term_string}"},"query-input":{"@type":"PropertyValueSpecification","valueRequired":true,"valueName":"search_term_string"}}],"inLanguage":"sq"}]}},"_links":{"self":[{"href":"https:\/\/www.ceokos.com\/agrokos\/wp-json\/wp\/v2\/pages\/6","targetHints":{"allow":["GET"]}}],"collection":[{"href":"https:\/\/www.ceokos.com\/agrokos\/wp-json\/wp\/v2\/pages"}],"about":[{"href":"https:\/\/www.ceokos.com\/agrokos\/wp-json\/wp\/v2\/types\/page"}],"author":[{"embeddable":true,"href":"https:\/\/www.ceokos.com\/agrokos\/wp-json\/wp\/v2\/users\/1"}],"replies":[{"embeddable":true,"href":"https:\/\/www.ceokos.com\/agrokos\/wp-json\/wp\/v2\/comments?post=6"}],"version-history":[{"count":123,"href":"https:\/\/www.ceokos.com\/agrokos\/wp-json\/wp\/v2\/pages\/6\/revisions"}],"predecessor-version":[{"id":3158,"href":"https:\/\/www.ceokos.com\/agrokos\/wp-json\/wp\/v2\/pages\/6\/revisions\/3158"}],"wp:attachment":[{"href":"https:\/\/www.ceokos.com\/agrokos\/wp-json\/wp\/v2\/media?parent=6"}],"curies":[{"name":"wp","href":"https:\/\/api.w.org\/{rel}","templated":true}]}}