{"id":8,"date":"2018-02-05T10:25:48","date_gmt":"2018-02-05T10:25:48","guid":{"rendered":"http:\/\/dev.frakton.com\/educationfairwp\/?page_id=8"},"modified":"2025-11-09T21:24:55","modified_gmt":"2025-11-09T21:24:55","slug":"per-ekspozuesin","status":"publish","type":"page","link":"https:\/\/www.ceokos.com\/educationfair\/per-ekspozuesin\/","title":{"rendered":"P\u00ebr ekspozuesin"},"content":{"rendered":"<p>Pse t\u00eb ekspozohet n\u00eb panairin e Edukimit?<\/p>\n","protected":false},"excerpt":{"rendered":"<p>Pse t\u00eb ekspozohet n\u00eb panairin e Edukimit?<\/p>\n","protected":false},"author":1,"featured_media":0,"parent":0,"menu_order":0,"comment_status":"closed","ping_status":"closed","template":"template-expose.php","meta":{"_acf_changed":false,"footnotes":""},"acf":[],"_links":{"self":[{"href":"https:\/\/www.ceokos.com\/educationfair\/wp-json\/wp\/v2\/pages\/8"}],"collection":[{"href":"https:\/\/www.ceokos.com\/educationfair\/wp-json\/wp\/v2\/pages"}],"about":[{"href":"https:\/\/www.ceokos.com\/educationfair\/wp-json\/wp\/v2\/types\/page"}],"author":[{"embeddable":true,"href":"https:\/\/www.ceokos.com\/educationfair\/wp-json\/wp\/v2\/users\/1"}],"replies":[{"embeddable":true,"href":"https:\/\/www.ceokos.com\/educationfair\/wp-json\/wp\/v2\/comments?post=8"}],"version-history":[{"count":84,"href":"https:\/\/www.ceokos.com\/educationfair\/wp-json\/wp\/v2\/pages\/8\/revisions"}],"predecessor-version":[{"id":2405,"href":"https:\/\/www.ceokos.com\/educationfair\/wp-json\/wp\/v2\/pages\/8\/revisions\/2405"}],"wp:attachment":[{"href":"https:\/\/www.ceokos.com\/educationfair\/wp-json\/wp\/v2\/media?parent=8"}],"curies":[{"name":"wp","href":"https:\/\/api.w.org\/{rel}","templated":true}]}}